{"id":491,"date":"2013-07-19T14:34:00","date_gmt":"2013-07-19T14:34:00","guid":{"rendered":"http:\/\/dev.artin2ition.com\/30\/?page_id=491"},"modified":"2013-07-19T14:34:00","modified_gmt":"2013-07-19T14:34:00","slug":"mantenimiento-web","status":"publish","type":"page","link":"https:\/\/webpractico.com\/web\/index.php\/mantenimiento-web\/","title":{"rendered":"Mantenimiento Web"},"content":{"rendered":"<p style=\"text-align: justify;\">Todo sitio web debe estar preparado para crecer. Adem\u00e1s del contenido inicial, cualquier sitio web debe prepararse para ofrecer a los visitantes m\u00e1s informaci\u00f3n sobre la empresa u organizaci\u00f3n y sus productos o servicios. Para ello usted como due\u00f1o o administrador necesita un hosting (hospedaje) fiable y herramientas que den mantenimiento web para producir tr\u00e1fico es decir visitas sean \u00e9stas nuevas o que revisiten su p\u00e1gina web.<\/p>\n<p style=\"text-align: justify;\">Herramientas para el mantenimiento de sitios web hay muchas, algunas gratis otras pagadas pero todas ellas las usamos para ofrecer a nuestros clientes para que no se preocupen de como manejar o investigar a fin de hacer su sitio web m\u00e1s rentable.<\/p>\n<h2>\u00bfDe qu\u00e9 manera podemos dar mantenimiento a sitios web?<\/h2>\n<p>Programaci\u00f3n de m\u00f3dulos o aplicaciones para tu web site:<\/p>\n<p>Tecnolog\u00edas: XHTML, CSS, AJAX, PHP, MYSQL, CGI, Perl<\/p>\n<p>Bases de Datos: Mysql, XML.<\/p>\n<p>Programaci\u00f3n a medida y m\u00f3dulos para Open Source: <a href=\"http:\/\/drupal.com\/\">Drupal<\/a>, <a href=\"http:\/\/www.joomla.org\/\">Joomla,<\/a> <a href=\"http:\/\/www.wordpress.com\/\">WordPress<\/a>.<\/p>\n<p style=\"text-align: justify;\">Migrar la p\u00e1gina Web de un servidor a otro: Si necesita cambiar de proveedor de hosting, podemos mover toda la informaci\u00f3n y archivos de su p\u00e1gina web del servidor actual al nuevo servidor.<\/p>\n<p style=\"text-align: justify;\">Banners Publicitarios y Retoque de im\u00e1genes: Podemos ayudarle a cambiar o redimensionar una imagen, creaci\u00f3n de Banners.<\/p>\n<p style=\"text-align: justify;\">Trabajos de Contenidos: A\u00f1adir nuevas secciones o modificar las existentes y sus contenidos de texto e imagen en su p\u00e1gina web.<\/p>\n<p style=\"text-align: justify;\">Trabajos de Posicionamiento en Buscadores: An\u00e1lisis comparativo con respecto a la competencia. Optimizaci\u00f3n de la p\u00e1gina web en buscadores. Creaci\u00f3n y ajustes de campa\u00f1as de <a href=\"http:\/\/adwords.google.es\/\">google adwords<\/a>, etc..<\/p>\n<p style=\"text-align: justify;\">Asistencia T\u00e9cnica y Formaci\u00f3n Online: A trav\u00e9s del sistema de asistencia t\u00e9cnica online, le configurar\u00edamos el software que precise (Correo Electr\u00f3nico, Clientes FTP, Retoque de Im\u00e1genes, Estad\u00edsticas Web, Realizar cambios en su web, etc) pudiendo aprender a su vez.<\/p>\n<p style=\"text-align: justify;\">\n<p style=\"text-align: justify;\">\n","protected":false},"excerpt":{"rendered":"<p>Todo sitio web debe estar preparado para crecer. Adem\u00e1s del contenido inicial, cualquier sitio web debe prepararse para ofrecer a&hellip;<\/p>\n","protected":false},"author":1,"featured_media":0,"parent":0,"menu_order":0,"comment_status":"closed","ping_status":"closed","template":"","meta":{"_monsterinsights_skip_tracking":false,"_monsterinsights_sitenote_active":false,"_monsterinsights_sitenote_note":"","_monsterinsights_sitenote_category":0,"_uf_show_specific_survey":0,"_uf_disable_surveys":false,"footnotes":""},"class_list":["post-491","page","type-page","status-publish","hentry"],"aioseo_notices":[],"_links":{"self":[{"href":"https:\/\/webpractico.com\/web\/index.php\/wp-json\/wp\/v2\/pages\/491","targetHints":{"allow":["GET"]}}],"collection":[{"href":"https:\/\/webpractico.com\/web\/index.php\/wp-json\/wp\/v2\/pages"}],"about":[{"href":"https:\/\/webpractico.com\/web\/index.php\/wp-json\/wp\/v2\/types\/page"}],"author":[{"embeddable":true,"href":"https:\/\/webpractico.com\/web\/index.php\/wp-json\/wp\/v2\/users\/1"}],"replies":[{"embeddable":true,"href":"https:\/\/webpractico.com\/web\/index.php\/wp-json\/wp\/v2\/comments?post=491"}],"version-history":[{"count":0,"href":"https:\/\/webpractico.com\/web\/index.php\/wp-json\/wp\/v2\/pages\/491\/revisions"}],"wp:attachment":[{"href":"https:\/\/webpractico.com\/web\/index.php\/wp-json\/wp\/v2\/media?parent=491"}],"curies":[{"name":"wp","href":"https:\/\/api.w.org\/{rel}","templated":true}]}}