{"id":436,"date":"2013-07-04T19:21:09","date_gmt":"2013-07-04T19:21:09","guid":{"rendered":"http:\/\/dev.artin2ition.com\/30\/?page_id=436"},"modified":"2026-02-26T00:06:26","modified_gmt":"2026-02-25T22:06:26","slug":"inicio","status":"publish","type":"page","link":"https:\/\/webpractico.com\/web\/index.php\/inicio\/","title":{"rendered":"Web practico"},"content":{"rendered":"\n<p>Tener un s<mark>itio web que tiene un enfoque funcional, sencillo y centrado en la experiencia del usuario<\/mark>\u00a0es hablar de tener un sitio web pr\u00e1ctico porque su objetivo es facilitar la navegaci\u00f3n r\u00e1pida, adaptado a todo tipo de dispositivos m\u00f3viles)  y ofrecer contenido claro, asegurando que los visitantes encuentren lo que buscan sin complicaciones.\u00a0<img decoding=\"async\" src=\"blob:https:\/\/webpractico.com\/19f15eca-0605-4d57-b700-c6c014ef728e\" alt=\"webpractico.com\">webpractico.com\u00a0<\/p>\n\n\n\n<p><strong>Caracter\u00edsticas clave de un sitio web pr\u00e1ctico:<\/strong><\/p>\n\n\n\n<ul class=\"wp-block-list\">\n<li><strong>Navegaci\u00f3n Intuitiva:<\/strong>\u00a0Estructura organizada y f\u00e1cil de entender, con men\u00fas bien ubicados.<\/li>\n\n\n\n<li><strong>Dise\u00f1o que responde:<\/strong>\u00a0Se puede adaptar autom\u00e1ticamente a cualquier tama\u00f1o de pantalla (m\u00f3vil, tableta, computadora o laptop).<\/li>\n\n\n\n<li><strong>Funcionalidad sobre Est\u00e9tica:<\/strong>\u00a0Prioriza la usabilidad y la carga r\u00e1pida sobre dise\u00f1os complejos innecesarios. Muchas veces se hace hincapie en efectos y movimientos para llamar la atenci\u00f3n pero muchas veces lo que hacen es que la carga de una p\u00e1gina web sea lenta y dificil de aparecer al inicio en un motor de b\u00fasqueda como Google por ejemplo.<\/li>\n\n\n\n<li><strong>Accesibilidad y Contenido Claro:<\/strong>\u00a0Haciendo uso de un lenguaj pr\u00e1ctico y sencillo que est\u00e9 bien estructurado y que tenga buen contraste para lectura.<\/li>\n\n\n\n<li><strong>Objetivo Definido:<\/strong>\u00a0Dise\u00f1ado para cumplir metas espec\u00edficas como mostrar informaci\u00f3n, vender productos o gestionar usuarios.<\/li>\n<\/ul>\n\n\n\n<p><\/p>\n","protected":false},"excerpt":{"rendered":"<p>Tener un sitio web que tiene un enfoque funcional, sencillo y centrado en la experiencia del usuario\u00a0es hablar de tener&hellip;<\/p>\n","protected":false},"author":1,"featured_media":1633,"parent":0,"menu_order":0,"comment_status":"closed","ping_status":"closed","template":"","meta":{"_monsterinsights_skip_tracking":false,"_monsterinsights_sitenote_active":false,"_monsterinsights_sitenote_note":"","_monsterinsights_sitenote_category":0,"_uf_show_specific_survey":0,"_uf_disable_surveys":false,"footnotes":""},"class_list":["post-436","page","type-page","status-publish","has-post-thumbnail","hentry"],"aioseo_notices":[],"_links":{"self":[{"href":"https:\/\/webpractico.com\/web\/index.php\/wp-json\/wp\/v2\/pages\/436","targetHints":{"allow":["GET"]}}],"collection":[{"href":"https:\/\/webpractico.com\/web\/index.php\/wp-json\/wp\/v2\/pages"}],"about":[{"href":"https:\/\/webpractico.com\/web\/index.php\/wp-json\/wp\/v2\/types\/page"}],"author":[{"embeddable":true,"href":"https:\/\/webpractico.com\/web\/index.php\/wp-json\/wp\/v2\/users\/1"}],"replies":[{"embeddable":true,"href":"https:\/\/webpractico.com\/web\/index.php\/wp-json\/wp\/v2\/comments?post=436"}],"version-history":[{"count":1,"href":"https:\/\/webpractico.com\/web\/index.php\/wp-json\/wp\/v2\/pages\/436\/revisions"}],"predecessor-version":[{"id":1991,"href":"https:\/\/webpractico.com\/web\/index.php\/wp-json\/wp\/v2\/pages\/436\/revisions\/1991"}],"wp:featuredmedia":[{"embeddable":true,"href":"https:\/\/webpractico.com\/web\/index.php\/wp-json\/"}],"wp:attachment":[{"href":"https:\/\/webpractico.com\/web\/index.php\/wp-json\/wp\/v2\/media?parent=436"}],"curies":[{"name":"wp","href":"https:\/\/api.w.org\/{rel}","templated":true}]}}