{"id":135,"date":"2013-07-08T12:42:32","date_gmt":"2013-07-08T12:42:32","guid":{"rendered":"http:\/\/localhost\/devil\/?page_id=135"},"modified":"2013-07-08T12:42:32","modified_gmt":"2013-07-08T12:42:32","slug":"politica-de-privacidad","status":"publish","type":"page","link":"https:\/\/webpractico.com\/web\/index.php\/politica-de-privacidad\/","title":{"rendered":"Pol\u00edtica de Privacidad"},"content":{"rendered":"<p>Webpractico.com, se compromete a proteger los datos que recoja de sus clientes. Webpractico.com respeta la privacidad de sus clientes y el uso de los servicios de Webpractico.com indica el acuerdo a las directrices de la pol\u00edtica de privacidad Webpractico.com las cuales se define de la siguiente manera: <\/p>\n<p>1- Webpractico.com podr\u00e1 recopilar y almacenar informaci\u00f3n m\u00ednima requerida al cliente con el fin de ofrecer servicios competitivos. La pol\u00edtica de privacidad de Webpractico.com indicar\u00e1 los tipos de procesos que pueden ocurrir en diferentes circunstancias en las que se recoger\u00e1n los datos del cliente. El uso de Webpractico.com otorga el derecho a recoger informaci\u00f3n de los usuarios. <\/p>\n<p>2- Webpractico.com puede guardar cualquier o toda la informaci\u00f3n dada por el cliente de acuerdo con el tipo de operaci\u00f3n que el cliente realice, como la fecha de nacimiento, nombre, direcci\u00f3n, n\u00fameros de tel\u00e9fono, n\u00fameros de fax, direcciones de correo electr\u00f3nico, uso del sitio web, y otra informaci\u00f3n personal necesaria para procesar la solicitud. <\/p>\n<p>3- Webpractico.com utilizar\u00e1 estrictamente la informaci\u00f3n y los datos requeridos del cliente para procesar la solicitud o tarea realizada. Webpractico.com har\u00e1 cumplir las medidas razonables necesarias para evitar el acceso no autorizado a dicha informaci\u00f3n. En ciertos casos, puede requerir Webpractico.com formas adicionales de identidad de cliente a fin de salvaguardar dicha informaci\u00f3n. <\/p>\n<p>4- Los Navegadores de Internet de los clientes han sido construidos con mecanismos para almacenar peque\u00f1os archivos o las conocidas cookies (galletas) que tienen informaci\u00f3n para ayudar a los sitios web a reconocer la cuenta del cliente. Webpractico.com pueden usar tales facilidades para aumentar la experiencia del usuario. Sin embargo, el usuario puede optar por evitar en el ordenador que acepte cookies, lo que puede afectar algunas de las funciones del sitio web. <\/p>\n<p>5- Webpractico.com no revelar\u00e1 ninguna informaci\u00f3n personal recibida de clientes a terceros aunque Webpractico.com podr\u00e1 utilizar dicha informaci\u00f3n para notificar o informar al cliente acerca de la evoluci\u00f3n y otros servicios u ofertas de Webpractico.com. Sin embargo al cliente o el usuario se le dar\u00e1 la opci\u00f3n de quitarse de cualquier lista de correo o de notificaci\u00f3n. <\/p>\n<p>7- Webpractico.com no revelar\u00e1 la informaci\u00f3n recopilada en el sitio web a terceros sin el consentimiento y reconocimiento del cliente\/usuario. Webpractico.com puede proporcionar una encuesta general o de informaci\u00f3n de datos a terceros, pero retendr\u00e1 las que puedan identificar a los individuos. <\/p>\n<p>DIVULGACI\u00d3N DE APLICACI\u00d3N DE LA LEY<br \/>\nWebpractico.com se reserva el derecho de divulgar informaci\u00f3n de los suscriptores a los organismos policiales sin consentimiento o notificaci\u00f3n del suscriptor si la petici\u00f3n legal se hace de dichas agencias. Webpractico.com cooperar\u00e1 plenamente con tales agencias de la ley. <\/p>\n<p>CAMBIOS EN LA POL\u00cdTICA<br \/>\nWebpractico.com puede cambiar su Pol\u00edtica de Privacidad en cualquier momento sin previo aviso. Se realizar\u00e1n las medidas razonables para informar a los clientes \/ usuarios. Sin embargo, se anima a los clientes para comprobar si hay actualizaciones cada vez que accedan al sitio web para asegurarse de que cumple con su aprobaci\u00f3n. Los cambios ser\u00e1n hechos directamente a la pol\u00edtica de privacidad y estos cambios en el futuro sustituir\u00e1 a la versi\u00f3n anterior. <\/p>\n<p>Cont\u00e1ctenos<br \/>\nSe anima a los clientes y usuarios a tomar contacto con Webpractico.com directamente si hay alguna pregunta que surja o que necesiten aclaraciones sobre la informaci\u00f3n recopilada. Errores en dicha informaci\u00f3n o eliminaci\u00f3n de datos de la lista bajo Webpractico.com tambi\u00e9n se pueden hacer de esta manera.<\/p>\n","protected":false},"excerpt":{"rendered":"<p>Webpractico.com, se compromete a proteger los datos que recoja de sus clientes. Webpractico.com respeta la privacidad de sus clientes y&hellip;<\/p>\n","protected":false},"author":1,"featured_media":0,"parent":0,"menu_order":0,"comment_status":"closed","ping_status":"closed","template":"","meta":{"_monsterinsights_skip_tracking":false,"_monsterinsights_sitenote_active":false,"_monsterinsights_sitenote_note":"","_monsterinsights_sitenote_category":0,"_uf_show_specific_survey":0,"_uf_disable_surveys":false,"footnotes":""},"class_list":["post-135","page","type-page","status-publish","hentry"],"aioseo_notices":[],"_links":{"self":[{"href":"https:\/\/webpractico.com\/web\/index.php\/wp-json\/wp\/v2\/pages\/135","targetHints":{"allow":["GET"]}}],"collection":[{"href":"https:\/\/webpractico.com\/web\/index.php\/wp-json\/wp\/v2\/pages"}],"about":[{"href":"https:\/\/webpractico.com\/web\/index.php\/wp-json\/wp\/v2\/types\/page"}],"author":[{"embeddable":true,"href":"https:\/\/webpractico.com\/web\/index.php\/wp-json\/wp\/v2\/users\/1"}],"replies":[{"embeddable":true,"href":"https:\/\/webpractico.com\/web\/index.php\/wp-json\/wp\/v2\/comments?post=135"}],"version-history":[{"count":0,"href":"https:\/\/webpractico.com\/web\/index.php\/wp-json\/wp\/v2\/pages\/135\/revisions"}],"wp:attachment":[{"href":"https:\/\/webpractico.com\/web\/index.php\/wp-json\/wp\/v2\/media?parent=135"}],"curies":[{"name":"wp","href":"https:\/\/api.w.org\/{rel}","templated":true}]}}