{"id":1014,"date":"2024-01-24T09:52:28","date_gmt":"2024-01-24T09:52:28","guid":{"rendered":"https:\/\/premium.ikreatethemes.com\/business-roy\/?page_id=1014"},"modified":"2026-02-26T00:30:49","modified_gmt":"2026-02-25T22:30:49","slug":"about-us","status":"publish","type":"page","link":"https:\/\/webpractico.com\/web\/index.php\/about-us\/","title":{"rendered":"\u00bfPor qu\u00e9 Web Pr\u00e1ctico?"},"content":{"rendered":"\n<div class=\"wp-block-group alignfull news-section style2 is-layout-constrained wp-block-group-is-layout-constrained\" style=\"padding-top:80px;padding-bottom:80px\">\n<div class=\"wp-block-group alignwide news-wrap-list grid-layout is-layout-constrained wp-block-group-is-layout-constrained\">\n<div class=\"wp-block-columns alignwide news-list-item is-layout-flex wp-container-core-columns-is-layout-28f84493 wp-block-columns-is-layout-flex\">\n<div class=\"wp-block-column is-layout-flow wp-block-column-is-layout-flow\">\n<div class=\"wp-block-group is-layout-constrained wp-block-group-is-layout-constrained\">\n<figure class=\"wp-block-image size-full\"><img fetchpriority=\"high\" decoding=\"async\" width=\"909\" height=\"600\" src=\"https:\/\/webpractico.com\/web\/wp-content\/uploads\/2024\/01\/portfolio-1.jpg\" alt=\"\" class=\"wp-image-955\" srcset=\"https:\/\/webpractico.com\/web\/wp-content\/uploads\/2024\/01\/portfolio-1.jpg 909w, https:\/\/webpractico.com\/web\/wp-content\/uploads\/2024\/01\/portfolio-1-300x198.jpg 300w, https:\/\/webpractico.com\/web\/wp-content\/uploads\/2024\/01\/portfolio-1-768x507.jpg 768w\" sizes=\"(max-width: 909px) 100vw, 909px\" \/><\/figure>\n<\/div>\n<\/div>\n\n\n\n<div class=\"wp-block-column is-vertically-aligned-center is-layout-flow wp-block-column-is-layout-flow\">\n<div class=\"wp-block-group bottom-content is-layout-constrained wp-block-group-is-layout-constrained\">\n<div class=\"wp-block-group inner-content-wrap is-layout-constrained wp-block-group-is-layout-constrained\">\n<h2 class=\"wp-block-heading\"><a href=\"#\" title=\"\">Dise\u00f1o Pr\u00e1ctico<\/a><\/h2>\n\n\n\n<p>Tener un sitio web que tiene un enfoque funcional, sencillo y centrado en la experiencia del usuario\u00a0es hablar de tener un sitio web pr\u00e1ctico<\/p>\n\n\n\n<p style=\"font-style:normal;font-weight:600\"><a href=\"#\">Ver m\u00e1s \ud83e\udc2a<\/a><\/p>\n<\/div>\n<\/div>\n<\/div>\n<\/div>\n\n\n\n<div class=\"wp-block-columns alignwide news-list-item is-layout-flex wp-container-core-columns-is-layout-28f84493 wp-block-columns-is-layout-flex\">\n<div class=\"wp-block-column is-layout-flow wp-block-column-is-layout-flow\">\n<div class=\"wp-block-group is-layout-constrained wp-block-group-is-layout-constrained\">\n<figure class=\"wp-block-image size-full\"><img decoding=\"async\" width=\"909\" height=\"600\" src=\"https:\/\/webpractico.com\/web\/wp-content\/uploads\/2024\/01\/portfolio-3.jpg\" alt=\"\" class=\"wp-image-964\" srcset=\"https:\/\/webpractico.com\/web\/wp-content\/uploads\/2024\/01\/portfolio-3.jpg 909w, https:\/\/webpractico.com\/web\/wp-content\/uploads\/2024\/01\/portfolio-3-300x198.jpg 300w, https:\/\/webpractico.com\/web\/wp-content\/uploads\/2024\/01\/portfolio-3-768x507.jpg 768w\" sizes=\"(max-width: 909px) 100vw, 909px\" \/><\/figure>\n<\/div>\n<\/div>\n\n\n\n<div class=\"wp-block-column is-vertically-aligned-center is-layout-flow wp-block-column-is-layout-flow\">\n<div class=\"wp-block-group bottom-content is-layout-constrained wp-block-group-is-layout-constrained\">\n<div class=\"wp-block-group inner-content-wrap is-layout-constrained wp-block-group-is-layout-constrained\">\n<h2 class=\"wp-block-heading\"><a href=\"#\" title=\"\">Dise\u00f1o Gr\u00e1fico y Web<\/a><\/h2>\n\n\n\n<p>Tener un sitio web pr\u00e1ctico con un dise\u00f1o adaptado a la empresa u organizaci\u00f3n requiere tener un dise\u00f1o \u00fanico. Nuestro interes es crear un dise\u00f1o gr\u00e1fico y \u00fanico para su sitio web.<\/p>\n\n\n\n<p style=\"font-style:normal;font-weight:600\"><a href=\"#\">Ver m\u00e1s \ud83e\udc2a<\/a><\/p>\n<\/div>\n<\/div>\n<\/div>\n<\/div>\n\n\n\n<div class=\"wp-block-columns alignwide news-list-item is-layout-flex wp-container-core-columns-is-layout-28f84493 wp-block-columns-is-layout-flex\">\n<div class=\"wp-block-column is-layout-flow wp-block-column-is-layout-flow\">\n<div class=\"wp-block-group is-layout-constrained wp-block-group-is-layout-constrained\">\n<figure class=\"wp-block-image size-full\"><img decoding=\"async\" width=\"909\" height=\"600\" src=\"https:\/\/webpractico.com\/web\/wp-content\/uploads\/2024\/01\/portfolio-2.jpg\" alt=\"\" class=\"wp-image-959\" srcset=\"https:\/\/webpractico.com\/web\/wp-content\/uploads\/2024\/01\/portfolio-2.jpg 909w, https:\/\/webpractico.com\/web\/wp-content\/uploads\/2024\/01\/portfolio-2-300x198.jpg 300w, https:\/\/webpractico.com\/web\/wp-content\/uploads\/2024\/01\/portfolio-2-768x507.jpg 768w\" sizes=\"(max-width: 909px) 100vw, 909px\" \/><\/figure>\n<\/div>\n<\/div>\n\n\n\n<div class=\"wp-block-column is-vertically-aligned-center is-layout-flow wp-block-column-is-layout-flow\">\n<div class=\"wp-block-group bottom-content is-layout-constrained wp-block-group-is-layout-constrained\">\n<div class=\"wp-block-group inner-content-wrap is-layout-constrained wp-block-group-is-layout-constrained\">\n<h2 class=\"wp-block-heading\"><a href=\"#\" title=\"\">Desarrollo Web<\/a><\/h2>\n\n\n\n<p>El desarrollo web es el\u00a0proceso integral de creaci\u00f3n, programaci\u00f3n y mantenimiento de sitios y aplicaciones para Internet. Se refiera a desarrollar la estructura, dise\u00f1o funcional y codificaci\u00f3n (frontend y backend) hasta la gesti\u00f3n de servidores y bases de datos, permitiendo que las plataformas sean funcionales, interactivas y accesibles v\u00eda navegador.<\/p>\n\n\n\n<p style=\"font-style:normal;font-weight:600\"><a href=\"#\">Ver m\u00e1s \ud83e\udc2a<\/a><\/p>\n<\/div>\n<\/div>\n<\/div>\n<\/div>\n<\/div>\n<\/div>\n\n\n\n<p><\/p>\n","protected":false},"excerpt":{"rendered":"<p>Dise\u00f1o Pr\u00e1ctico Tener un sitio web que tiene un enfoque funcional, sencillo y centrado en la experiencia del usuario\u00a0es hablar&hellip;<\/p>\n","protected":false},"author":1,"featured_media":0,"parent":0,"menu_order":0,"comment_status":"closed","ping_status":"closed","template":"templates\/template-pagebuilder.php","meta":{"_monsterinsights_skip_tracking":false,"_monsterinsights_sitenote_active":false,"_monsterinsights_sitenote_note":"","_monsterinsights_sitenote_category":0,"_uf_show_specific_survey":0,"_uf_disable_surveys":false,"footnotes":""},"class_list":["post-1014","page","type-page","status-publish","hentry"],"aioseo_notices":[],"_links":{"self":[{"href":"https:\/\/webpractico.com\/web\/index.php\/wp-json\/wp\/v2\/pages\/1014","targetHints":{"allow":["GET"]}}],"collection":[{"href":"https:\/\/webpractico.com\/web\/index.php\/wp-json\/wp\/v2\/pages"}],"about":[{"href":"https:\/\/webpractico.com\/web\/index.php\/wp-json\/wp\/v2\/types\/page"}],"author":[{"embeddable":true,"href":"https:\/\/webpractico.com\/web\/index.php\/wp-json\/wp\/v2\/users\/1"}],"replies":[{"embeddable":true,"href":"https:\/\/webpractico.com\/web\/index.php\/wp-json\/wp\/v2\/comments?post=1014"}],"version-history":[{"count":5,"href":"https:\/\/webpractico.com\/web\/index.php\/wp-json\/wp\/v2\/pages\/1014\/revisions"}],"predecessor-version":[{"id":1997,"href":"https:\/\/webpractico.com\/web\/index.php\/wp-json\/wp\/v2\/pages\/1014\/revisions\/1997"}],"wp:attachment":[{"href":"https:\/\/webpractico.com\/web\/index.php\/wp-json\/wp\/v2\/media?parent=1014"}],"curies":[{"name":"wp","href":"https:\/\/api.w.org\/{rel}","templated":true}]}}